{"id":129,"date":"2016-09-20T04:22:23","date_gmt":"2016-09-20T04:22:23","guid":{"rendered":"http:\/\/www.valkommentill.reitan.se\/?page_id=20"},"modified":"2019-03-21T13:38:48","modified_gmt":"2019-03-21T13:38:48","slug":"reitan-convenience","status":"publish","type":"page","link":"https:\/\/valkommentill.7-eleven.se\/","title":{"rendered":"Varmt v\u00e4lkommen till 7-Eleven!"},"content":{"rendered":"<div class=\"section-1\"><img loading=\"lazy\" decoding=\"async\" class=\"slide-out-right alignnone\" src=\"https:\/\/storage.googleapis.com\/valkommen-711-uploads-prod\/1\/2017\/06\/7-Eleven_welcome.png\" alt=\"\" width=\"517\" height=\"320\"><\/div>\n<div class=\"section-2\">\n<h3 class=\"text-wrapper\" style=\"text-align: center;\">Varmt v\u00e4lkommen till 7-Eleven!<\/h3>\n<p class=\"text-wrapper\" style=\"text-align: center;\">Yes! Vi valde varandra. En high five till oss f\u00f6r det grymma beslutet.<\/p>\n<p style=\"text-align: center;\">Du \u00e4r varmt v\u00e4lkommen. Hoppas att du \u00e4r lika laddad som vi. En stor del av trivseln i butiken \u00e4r f\u00f6rst\u00e5s att l\u00e4ra k\u00e4nna varandra lite b\u00e4ttre och vi ser verkligen fram emot att tr\u00e4ffa dig. Du vet s\u00e4kert redan en del om 7\u2011Eleven och v\u00e5ra produkter och tj\u00e4nster.<\/p>\n<p style=\"text-align: center;\">H\u00e4ng med s\u00e5 f\u00e5r du veta mer om konceptet och hur det \u00e4r att jobba i en 7-Elevenbutik.<\/p>\n<\/div>\n","protected":false},"excerpt":{"rendered":"<p>Varmt v\u00e4lkommen till 7-Eleven! Yes! Vi valde varandra. En high five till oss f\u00f6r det grymma beslutet. Du \u00e4r varmt v\u00e4lkommen. Hoppas att du \u00e4r lika laddad som vi. En stor del av trivseln i butiken \u00e4r f\u00f6rst\u00e5s att l\u00e4ra k\u00e4nna varandra lite b\u00e4ttre och vi ser verkligen fram emot att tr\u00e4ffa dig. Du vet &hellip; <\/p>\n<p class=\"link-more\"><a href=\"https:\/\/valkommentill.7-eleven.se\/\" class=\"more-link\">Forts\u00e4tt l\u00e4sa<span class=\"screen-reader-text\"> \u201dVarmt v\u00e4lkommen till 7-Eleven!\u201d<\/span><\/a><\/p>\n","protected":false},"author":2,"featured_media":0,"parent":0,"menu_order":0,"comment_status":"closed","ping_status":"closed","template":"","meta":{"footnotes":""},"class_list":["post-129","page","type-page","status-publish","hentry"],"_links":{"self":[{"href":"https:\/\/valkommentill.7-eleven.se\/index.php?rest_route=\/wp\/v2\/pages\/129","targetHints":{"allow":["GET"]}}],"collection":[{"href":"https:\/\/valkommentill.7-eleven.se\/index.php?rest_route=\/wp\/v2\/pages"}],"about":[{"href":"https:\/\/valkommentill.7-eleven.se\/index.php?rest_route=\/wp\/v2\/types\/page"}],"author":[{"embeddable":true,"href":"https:\/\/valkommentill.7-eleven.se\/index.php?rest_route=\/wp\/v2\/users\/2"}],"replies":[{"embeddable":true,"href":"https:\/\/valkommentill.7-eleven.se\/index.php?rest_route=%2Fwp%2Fv2%2Fcomments&post=129"}],"version-history":[{"count":6,"href":"https:\/\/valkommentill.7-eleven.se\/index.php?rest_route=\/wp\/v2\/pages\/129\/revisions"}],"predecessor-version":[{"id":664,"href":"https:\/\/valkommentill.7-eleven.se\/index.php?rest_route=\/wp\/v2\/pages\/129\/revisions\/664"}],"wp:attachment":[{"href":"https:\/\/valkommentill.7-eleven.se\/index.php?rest_route=%2Fwp%2Fv2%2Fmedia&parent=129"}],"curies":[{"name":"wp","href":"https:\/\/api.w.org\/{rel}","templated":true}]}}